{"id":1441,"date":"2024-09-03T11:01:46","date_gmt":"2024-09-03T03:01:46","guid":{"rendered":"http:\/\/amoner.com\/?post_type=product&#038;p=1441"},"modified":"2024-09-03T11:01:47","modified_gmt":"2024-09-03T03:01:47","slug":"cargador-usb-c-amoner-20w-y-cable-de-carga-para-phone-cargador-rapido-para-phone-un-cargador","status":"publish","type":"product","link":"https:\/\/amoner.com\/index.php\/product\/cargador-usb-c-amoner-20w-y-cable-de-carga-para-phone-cargador-rapido-para-phone-un-cargador\/","title":{"rendered":"Cargador USB C Amoner 20w y Cable de Carga para Phone Cargador r\u00e1pido para Phone (Un Cargador)"},"content":{"rendered":"","protected":false},"excerpt":{"rendered":"<ul class=\"a-unordered-list a-vertical a-spacing-mini\">\n<li><span class=\"a-list-item\">Buen socio: enchufe de carga r\u00e1pida de 20 W Phone. le permite disfrutar de una experiencia de carga r\u00e1pida. Ya no tienes que mirar la pantalla con ansiedad. Tu estado de \u00e1nimo es tan alto como la velocidad de carga.<\/span><\/li>\n<li><span class=\"a-list-item\">Seguro y confiable: Material: ABS + PC material ign\u00edfugo; IC inteligente incorporado para proteger sus dispositivos de sobrecorriente, sobrecalentamiento y sobrecarga.<\/span><\/li>\n<li><span class=\"a-list-item\">Ajuste perfecto: este cargador es perfecto para cargar Phone<\/span><\/li>\n<li><span class=\"a-list-item\">Peque\u00f1o y port\u00e1til: el conector extremadamente compacto tiene la m\u00e1xima movilidad dondequiera que est\u00e9, y la apariencia sigue el estilo minimalista.<\/span><\/li>\n<li><span class=\"a-list-item\">Contenido de la caja: cargador USB C de 20 W * 1<\/span><\/li>\n<\/ul>\n","protected":false},"featured_media":1442,"comment_status":"open","ping_status":"closed","template":"","meta":{"_kadence_starter_templates_imported_post":false,"_kad_post_transparent":"default","_kad_post_title":"","_kad_post_layout":"default","_kad_post_sidebar_id":"","_kad_post_content_style":"default","_kad_post_vertical_padding":"default","_kad_post_feature":"","_kad_post_feature_position":"","_kad_post_header":false,"_kad_post_footer":false},"product_cat":[26],"product_tag":[],"class_list":{"0":"post-1441","1":"product","2":"type-product","3":"status-publish","4":"has-post-thumbnail","6":"product_cat-spain","8":"first","9":"instock","10":"shipping-taxable","11":"product-type-simple","12":"entry","13":"content-bg","14":"loop-entry"},"_links":{"self":[{"href":"https:\/\/amoner.com\/index.php\/wp-json\/wp\/v2\/product\/1441","targetHints":{"allow":["GET"]}}],"collection":[{"href":"https:\/\/amoner.com\/index.php\/wp-json\/wp\/v2\/product"}],"about":[{"href":"https:\/\/amoner.com\/index.php\/wp-json\/wp\/v2\/types\/product"}],"replies":[{"embeddable":true,"href":"https:\/\/amoner.com\/index.php\/wp-json\/wp\/v2\/comments?post=1441"}],"wp:featuredmedia":[{"embeddable":true,"href":"https:\/\/amoner.com\/index.php\/wp-json\/wp\/v2\/media\/1442"}],"wp:attachment":[{"href":"https:\/\/amoner.com\/index.php\/wp-json\/wp\/v2\/media?parent=1441"}],"wp:term":[{"taxonomy":"product_cat","embeddable":true,"href":"https:\/\/amoner.com\/index.php\/wp-json\/wp\/v2\/product_cat?post=1441"},{"taxonomy":"product_tag","embeddable":true,"href":"https:\/\/amoner.com\/index.php\/wp-json\/wp\/v2\/product_tag?post=1441"}],"curies":[{"name":"wp","href":"https:\/\/api.w.org\/{rel}","templated":true}]}}