{"id":1396,"date":"2024-09-03T10:26:59","date_gmt":"2024-09-03T02:26:59","guid":{"rendered":"http:\/\/amoner.com\/?post_type=product&#038;p=1396"},"modified":"2024-11-01T02:42:02","modified_gmt":"2024-11-01T09:42:02","slug":"amoner-in-ear-kopfhorer-2019","status":"publish","type":"product","link":"https:\/\/amoner.com\/index.php\/product\/amoner-in-ear-kopfhorer-2019\/","title":{"rendered":"Amoner In Ear Kopfh\u00f6rer, 2019"},"content":{"rendered":"","protected":false},"excerpt":{"rendered":"<ul class=\"a-unordered-list a-vertical a-spacing-none\">\n<li><span class=\"a-list-item\">\u266b\u3010Kompatibel mit mehreren Ger\u00e4ten: Hochwertiger\u30113,5 mm Stecker ist kompatibel zu allen Soundger\u00e4ten mit 3,5 mm Rundloch. Mit gro\u00dfer Eignung ist es kompatibel mit g\u00e4ngigen Handys, Tablets, Laptops und Desktop-Computern.<\/span><\/li>\n<li><span class=\"a-list-item\">\u266b\u3010Super-Noise-Cancelling-Kopfh\u00f6rer\u3011Die Kopfh\u00f6rer in Ears filtern das Au\u00dfenger\u00e4usch und vermeiden Windger\u00e4usche beim Fitness Laufen, Radfahren, Joggen. Hochwertigen Leichte Stereo-Ohrh\u00f6rer mit klaren Klang und super verst\u00e4rkte B\u00e4sse bieten eine gute Klangqualit\u00e4t f\u00fcr Musik und Telefonanrufe.<\/span><\/li>\n<li><span class=\"a-list-item\">\u266b\u30104D Surround Sound Design\u3011F\u00fcgen Sie ein reflektierendes Lautsprecher-Design hinzu, um einen satten Surround-Sound in Live-Qualit\u00e4t f\u00fcr ein inspirierendes HiFi-Musikerlebnis zu schaffen.<\/span><\/li>\n<li><span class=\"a-list-item\">\u266b\u30101-Jahr-Garantie\u30111-Jahr professionelle Garantie und freundlicher Kundenservice sorgt f\u00fcr lang anhaltende Freude an Ihrem Kauf. Falls Sie irgendwelche Fragen oder Probleme haben, z\u00f6gern Sie nicht, uns zu kontaktieren!<\/span><\/li>\n<li><span class=\"a-list-item\">\u266b\u3010Benutzerfreundliche Fernbedienung\u3011 Einfach und bequem, Freisprechen, Anrufe antworten \/ ablehnen, Musik abspielen \/ anhalten, vorheriges \/ n\u00e4chstes Lied.<\/span><\/li>\n<\/ul>\n","protected":false},"featured_media":1397,"comment_status":"open","ping_status":"closed","template":"","meta":{"_kadence_starter_templates_imported_post":false,"_kad_post_transparent":"default","_kad_post_title":"","_kad_post_layout":"default","_kad_post_sidebar_id":"","_kad_post_content_style":"default","_kad_post_vertical_padding":"default","_kad_post_feature":"","_kad_post_feature_position":"","_kad_post_header":false,"_kad_post_footer":false},"product_cat":[23],"product_tag":[],"class_list":{"0":"post-1396","1":"product","2":"type-product","3":"status-publish","4":"has-post-thumbnail","6":"product_cat-germany","8":"first","9":"instock","10":"shipping-taxable","11":"product-type-simple","12":"entry","13":"content-bg","14":"loop-entry"},"_links":{"self":[{"href":"https:\/\/amoner.com\/index.php\/wp-json\/wp\/v2\/product\/1396","targetHints":{"allow":["GET"]}}],"collection":[{"href":"https:\/\/amoner.com\/index.php\/wp-json\/wp\/v2\/product"}],"about":[{"href":"https:\/\/amoner.com\/index.php\/wp-json\/wp\/v2\/types\/product"}],"replies":[{"embeddable":true,"href":"https:\/\/amoner.com\/index.php\/wp-json\/wp\/v2\/comments?post=1396"}],"wp:featuredmedia":[{"embeddable":true,"href":"https:\/\/amoner.com\/index.php\/wp-json\/wp\/v2\/media\/1397"}],"wp:attachment":[{"href":"https:\/\/amoner.com\/index.php\/wp-json\/wp\/v2\/media?parent=1396"}],"wp:term":[{"taxonomy":"product_cat","embeddable":true,"href":"https:\/\/amoner.com\/index.php\/wp-json\/wp\/v2\/product_cat?post=1396"},{"taxonomy":"product_tag","embeddable":true,"href":"https:\/\/amoner.com\/index.php\/wp-json\/wp\/v2\/product_tag?post=1396"}],"curies":[{"name":"wp","href":"https:\/\/api.w.org\/{rel}","templated":true}]}}